{"id":7,"date":"2011-12-06T19:01:37","date_gmt":"2011-12-06T19:01:37","guid":{"rendered":"http:\/\/proacoustic.eu\/?page_id=7"},"modified":"2012-02-14T12:10:56","modified_gmt":"2012-02-14T12:10:56","slug":"under-construction","status":"publish","type":"page","link":"https:\/\/proacoustic.eu\/","title":{"rendered":"<!--:et-->Acoustic One akustiline pinnaviimistlus <!--:--><!--:fi-->Acoustic One akustointi<!--:--><!--:en-->Acoustic One acoustic render <!--:-->"},"content":{"rendered":"<p><!--:et-->Acoustic One akustiline pinnaviimistlus (tuntud ka akustilise pritskrohvina) on eeskujulike m\u00fcrasummutuse ja j\u00e4relkaja summutuse omadustega, siseruumide lagedele ja k\u00f5rgematele seinaosadele m\u00f5eldud pinnakattelahendus, mille kasutusv\u00f5imalused on pea piiramatud.\u00a0 Pinnaviimistluseks kasutatav materjal koosneb puuvillast, looduslikust liimainest ja tulekindlust parandavast komponendist ning selle toonimiseks kasutatakse tekstiiliv\u00e4rve. <strong>Eelised<\/strong><\/p>\n<ul>\n<li>Akustilist pinnaviimistlust saab paigaldada praktiliselt k\u00f5igile materjalidele ja erikujulistele pindadele. Olgu need pinnad siis kivist, metallist, klaasist, plastikust v\u00f5i puidust. Siledad, kumerad, nurklikud v\u00f5i sopilised \u2013 meie poolt pakutav lahendus toimib alati efektiivselt.<\/li>\n<li>Tulenevalt kliendi vajadustest toimub paigaldus kas otse olemasolevatele pindadele v\u00f5i t\u00e4iendavale isolatsioonikihile\/membraanile.<\/li>\n<li>Paigaldusj\u00e4rgne pind v\u00f5ib olla nii vuugivaba, kui konkreetsete piirjoonte\/vuukidega.<\/li>\n<li>Paigaldatav materjal on keskkonnas\u00f5bralik ja tulekindel.<\/li>\n<li>V\u00f5imaldab katta ka ruumides paiknevat m\u00f6\u00f6blit, mis katmata kujul halvendaks ruumiakustikat.<\/li>\n<li>Sobib kasutamiseks kaitsealuste objektide renoveerimisel.<\/li>\n<li>Materjal on vastavalt kliendi soovile l\u00e4binisti toonitav.<\/li>\n<li>Soovi korral saab valmis pinda katta t\u00e4iendava viimistlusega (mustrid, maalingud jms.)<\/li>\n<li>M\u00fcrasummutusomadused vastavad k\u00f5ige rangematele normatiividele.<\/li>\n<\/ul>\n<p><strong>V\u00f5imalikud rakendused<\/strong><\/p>\n<ul>\n<li>Haridusasutused<\/li>\n<li>Ametiasutused<\/li>\n<li>Haiglad, hooldusasutused, sanatooriumid<\/li>\n<li>Hotellid, restoranid<\/li>\n<li>Muuseumid, raamatukogud, n\u00e4itusesaalid, konverentsisaalid, seltsimajad<\/li>\n<li>Kirikud, kontsertsaalid, teatrid, kinod<\/li>\n<li>Kaubanduskeskused<\/li>\n<li>Eramud, korterid, korterelamute trepikojad<\/li>\n<\/ul>\n<p>T\u00e4psustavad k\u00fcsimused on alati teretulnud.<!--:--><!--:fi-->Acoustic One akustointi (my\u00f6skin akustinen rappaus) on tarkoitettu asennettavaksi sis\u00e4tilojen sein\u00e4- ja kattopintoihin, saumoilla tai saumattomasti. Se on saatavana kaikissa v\u00e4reiss\u00e4, valmistettu luonnonmateriaaleista ja sille on omistetty M1 p\u00e4\u00e4st\u00f6luokitus. Se soveltuu asennettavaksi kaikkiin materiaaleihin, joiden p\u00f6lyttomassa pinnassa ei olee veteen liukenevia ainesosia, kaikiss\u00e4 sis\u00e4tiloissa. Tarpeen tullen voidaan ennen akustoinnin asennusta k\u00e4sitelt\u00e4viin pintoihin asentaa t\u00e4ydent\u00e4v\u00e4t villalevyt, jotka jo itsest\u00e4\u00e4n parantavat tilojen akustisia ominasuuksia.<\/p>\n<p>Acoustic One akustoinnin edut:<\/p>\n<ul>\n<li>voidaan k\u00e4yt\u00e4\u00e4 museoviraston suojelemiss\u00e4 kohteiss\u00e4.<\/li>\n<li>voidaan asentaa kaikenmuotoisiin pintoihin<\/li>\n<li>voidaan asentaa huonekalujen pintaan<\/li>\n<li>monta pinnoitusvahtoehtoa<\/li>\n<\/ul>\n<div>Mahdolliset k\u00e4ytt\u00f6kohteet:<\/div>\n<div><\/div>\n<div>\n<ul>\n<li>Oppilaitokset<\/li>\n<li>Virastot<\/li>\n<li>Sairaalat<\/li>\n<li>Hotellit, ravintolat<\/li>\n<li>Museot, kirjastot, messutilat, kokoustilat, seuratilat<\/li>\n<li>Kirkot, konserttisalit, teatterisalit, elokuvateatterit<\/li>\n<li>Kauppakeskukset, tavaratalot<\/li>\n<li>Asunnot, talot<\/li>\n<\/ul>\n<div>Palaute sek\u00e4 kysymykset ovat aina tervetulleita.<\/div>\n<\/div>\n<p>&nbsp;<!--:--><!--:en-->Acoustic One akustiline pinnaviimistlus (tuntud ka akustilise pritskrohvina) on eeskujulike m\u00fcrasummutuse ja j\u00e4relkaja summutuse omadustega, siseruumide lagedele ja k\u00f5rgematele seinaosadele m\u00f5eldud pinnakattelahendus, mille kasutusv\u00f5imalused on pea piiramatud.\u00a0 Pinnaviimistluseks kasutatav materjal koosneb puuvillast, looduslikust liimainest ja tulekindlust parandavast komponendist ning selle toonimiseks kasutatakse tekstiiliv\u00e4rve. <strong>Eelised<\/strong><\/p>\n<ul>\n<li>Akustilist pinnaviimistlust saab paigaldada praktiliselt k\u00f5igile materjalidele ja erikujulistele pindadele. Olgu need pinnad siis kivist, metallist, klaasist, plastikust v\u00f5i puidust. Siledad, kumerad, nurklikud v\u00f5i sopilised \u2013 meie poolt pakutav lahendus toimib alati efektiivselt.<\/li>\n<li>Tulenevalt kliendi vajadustest toimub paigaldus kas otse olemasolevatele pindadele v\u00f5i t\u00e4iendavale isolatsioonikihile\/membraanile.<\/li>\n<li>Paigaldusj\u00e4rgne pind v\u00f5ib olla nii vuugivaba, kui konkreetsete piirjoonte\/vuukidega.<\/li>\n<li>Paigaldatav materjal on keskkonnas\u00f5bralik ja tulekindel.<\/li>\n<li>V\u00f5imaldab katta ka ruumides paiknevat m\u00f6\u00f6blit, mis katmata kujul halvendaks ruumiakustikat.<\/li>\n<li>Sobib kasutamiseks kaitsealuste objektide renoveerimisel.<\/li>\n<li>Materjal on vastavalt kliendi soovile l\u00e4binisti toonitav.<\/li>\n<li>Soovi korral saab valmis pinda katta t\u00e4iendava viimistlusega (mustrid, maalingud jms.)<\/li>\n<li>M\u00fcrasummutusomadused vastavad k\u00f5ige rangematele normatiividele.<\/li>\n<\/ul>\n<p><strong>V\u00f5imalikud rakendused<\/strong><\/p>\n<ul>\n<li>Haridusasutused<\/li>\n<li>Ametiasutused<\/li>\n<li>Haiglad, hooldusasutused, sanatooriumid<\/li>\n<li>Hotellid, restoranid<\/li>\n<li>Muuseumid, raamatukogud, n\u00e4itusesaalid, konverentsisaalid, seltsimajad<\/li>\n<li>Kirikud, kontsertsaalid, teatrid, kinod<\/li>\n<li>Kaubanduskeskused<\/li>\n<li>Eramud, korterid, korterelamute trepikojad<\/li>\n<\/ul>\n<p>T\u00e4psustavad k\u00fcsimused on alati teretulnud.<\/p>\n<p><!--:--><\/p>\n","protected":false},"excerpt":{"rendered":"<p>Acoustic One akustiline pinnaviimistlus (tuntud ka akustilise pritskrohvina) on eeskujulike m\u00fcrasummutuse ja j\u00e4relkaja summutuse omadustega, siseruumide lagedele ja k\u00f5rgematele seinaosadele m\u00f5eldud pinnakattelahendus, mille kasutusv\u00f5imalused on pea piiramatud.\u00a0 Pinnaviimistluseks kasutatav materjal koosneb puuvillast, looduslikust liimainest ja tulekindlust parandavast komponendist ning selle &hellip; <a href=\"https:\/\/proacoustic.eu\/\">Continue reading <span class=\"meta-nav\">&rarr;<\/span><\/a><\/p>\n","protected":false},"author":4,"featured_media":0,"parent":0,"menu_order":0,"comment_status":"closed","ping_status":"closed","template":"","meta":{"footnotes":""},"class_list":["post-7","page","type-page","status-publish","hentry"],"_links":{"self":[{"href":"https:\/\/proacoustic.eu\/index.php?rest_route=\/wp\/v2\/pages\/7","targetHints":{"allow":["GET"]}}],"collection":[{"href":"https:\/\/proacoustic.eu\/index.php?rest_route=\/wp\/v2\/pages"}],"about":[{"href":"https:\/\/proacoustic.eu\/index.php?rest_route=\/wp\/v2\/types\/page"}],"author":[{"embeddable":true,"href":"https:\/\/proacoustic.eu\/index.php?rest_route=\/wp\/v2\/users\/4"}],"replies":[{"embeddable":true,"href":"https:\/\/proacoustic.eu\/index.php?rest_route=%2Fwp%2Fv2%2Fcomments&post=7"}],"version-history":[{"count":12,"href":"https:\/\/proacoustic.eu\/index.php?rest_route=\/wp\/v2\/pages\/7\/revisions"}],"predecessor-version":[{"id":9,"href":"https:\/\/proacoustic.eu\/index.php?rest_route=\/wp\/v2\/pages\/7\/revisions\/9"}],"wp:attachment":[{"href":"https:\/\/proacoustic.eu\/index.php?rest_route=%2Fwp%2Fv2%2Fmedia&parent=7"}],"curies":[{"name":"wp","href":"https:\/\/api.w.org\/{rel}","templated":true}]}}