{"id":16,"date":"2011-12-06T20:00:46","date_gmt":"2011-12-06T20:00:46","guid":{"rendered":"http:\/\/proacoustic.eu\/?page_id=16"},"modified":"2012-02-07T20:19:16","modified_gmt":"2012-02-07T20:19:16","slug":"ettvottest","status":"publish","type":"page","link":"https:\/\/proacoustic.eu\/?page_id=16","title":{"rendered":"<!--:et-->Ettev\u00f5ttest<!--:--><!--:fi-->Yrityksest\u00e4<!--:--><!--:en-->About us<!--:-->"},"content":{"rendered":"<p><!--:et-->Proacoustic O\u00dc personalil on akustiliste pinnakatete valdkonnas tegutsemisel pikaajaline rahvusvaheline kogemus. Akustiliste pinnakatete valmistamiseks ja paigaldamiseks kasutatav seadmestik on kaasaegne, aplikatsioonip\u00f5hine ning nendes kasutatavad komponendid p\u00e4rinevad oma valdkonna tipptootjatelt. <img loading=\"lazy\" decoding=\"async\" class=\"size-medium wp-image-24 alignnone\" style=\"border: 0pt none;\" title=\"WatsonMarlow Bredel pumpade logo\" src=\"http:\/\/proacoustic.eu\/wp-content\/uploads\/2011\/12\/WatsonMarlow-Bredel-pumpade-logo-300x73.jpg\" alt=\"\" width=\"261\" height=\"71\" \/><img loading=\"lazy\" decoding=\"async\" class=\"size-full wp-image-26 alignnone\" style=\"border: 0pt none;\" title=\"LOGO KREMLIN REXSON\" src=\"http:\/\/proacoustic.eu\/wp-content\/uploads\/2011\/12\/LOGO-KREMLIN-REXSON.jpg\" alt=\"\" width=\"228\" height=\"117\" \/> <img loading=\"lazy\" decoding=\"async\" class=\"size-full wp-image-28 alignnone\" style=\"border: 0pt none;\" title=\"Mattei kompressorite logo\" src=\"http:\/\/proacoustic.eu\/wp-content\/uploads\/2011\/12\/Mattei-kompressorite-logo.jpg\" alt=\"\" width=\"248\" height=\"58\" \/><img loading=\"lazy\" decoding=\"async\" class=\"size-full wp-image-30 alignnone\" style=\"border: 0pt none;\" title=\"Kaeser kompressorite logo\" src=\"http:\/\/proacoustic.eu\/wp-content\/uploads\/2011\/12\/Kaeser-kompressorite-logo.jpg\" alt=\"\" width=\"284\" height=\"88\" \/> <img loading=\"lazy\" decoding=\"async\" class=\"size-full wp-image-33 alignnone\" style=\"border: 0pt none;\" title=\"Ungeri logo\" src=\"http:\/\/proacoustic.eu\/wp-content\/uploads\/2011\/12\/Ungeri-logo.jpg\" alt=\"\" width=\"186\" height=\"70\" \/><img loading=\"lazy\" decoding=\"async\" class=\"size-medium wp-image-35 alignnone\" style=\"border: 0pt none;\" title=\"CPKelco logo\" src=\"http:\/\/proacoustic.eu\/wp-content\/uploads\/2011\/12\/CPKelco-logo-300x149.jpg\" alt=\"\" width=\"300\" height=\"149\" srcset=\"https:\/\/proacoustic.eu\/wp-content\/uploads\/2011\/12\/CPKelco-logo-300x149.jpg 300w, https:\/\/proacoustic.eu\/wp-content\/uploads\/2011\/12\/CPKelco-logo.jpg 338w\" sizes=\"auto, (max-width: 300px) 100vw, 300px\" \/> <img loading=\"lazy\" decoding=\"async\" class=\"size-full wp-image-36 alignnone\" style=\"border: 0pt none;\" title=\"CHT_Logo\" src=\"http:\/\/proacoustic.eu\/wp-content\/uploads\/2011\/12\/CHT_Logo.jpg\" alt=\"\" width=\"236\" height=\"174\" \/><!--:--><!--:fi-->Proacoustic O\u00dc-n henkil\u00f6kunnalla on\u00a0<span style=\"color: #333333; font-style: normal; line-height: 24px;\">akustoinnin alalla\u00a0<\/span>pitk\u00e4aikainen kansainv\u00e4linen kokemus. Akustointimassan valmistukseen ja asennukseen k\u00e4ytett\u00e4v\u00e4t laitteet ovat nykyaikaiset ja kehitetty juuri akustointia varten. Laitteiden kaikki osat ovat tilattu alan johtavilta valmistajilta. Massan valmistukseen k\u00e4ytett\u00e4v\u00e4t raaka-aineet ovat niinik\u00e4\u00e4n ykk\u00f6sluokan tuotteita ja niiden laatua valvotaan\/tarkastetaan jatkuvasti.\u00a0<img loading=\"lazy\" decoding=\"async\" class=\"size-medium wp-image-24 alignnone\" style=\"border: 0pt none;\" title=\"WatsonMarlow Bredel pumpade logo\" src=\"http:\/\/proacoustic.eu\/wp-content\/uploads\/2011\/12\/WatsonMarlow-Bredel-pumpade-logo-300x73.jpg\" alt=\"\" width=\"261\" height=\"71\" \/><img loading=\"lazy\" decoding=\"async\" class=\"size-full wp-image-26 alignnone\" style=\"border: 0pt none;\" title=\"LOGO KREMLIN REXSON\" src=\"http:\/\/proacoustic.eu\/wp-content\/uploads\/2011\/12\/LOGO-KREMLIN-REXSON.jpg\" alt=\"\" width=\"228\" height=\"117\" \/> <img loading=\"lazy\" decoding=\"async\" class=\"size-full wp-image-28 alignnone\" style=\"border: 0pt none;\" title=\"Mattei kompressorite logo\" src=\"http:\/\/proacoustic.eu\/wp-content\/uploads\/2011\/12\/Mattei-kompressorite-logo.jpg\" alt=\"\" width=\"248\" height=\"58\" \/><img loading=\"lazy\" decoding=\"async\" class=\"size-full wp-image-30 alignnone\" style=\"border: 0pt none;\" title=\"Kaeser kompressorite logo\" src=\"http:\/\/proacoustic.eu\/wp-content\/uploads\/2011\/12\/Kaeser-kompressorite-logo.jpg\" alt=\"\" width=\"284\" height=\"88\" \/> <img loading=\"lazy\" decoding=\"async\" class=\"size-full wp-image-33 alignnone\" style=\"border: 0pt none;\" title=\"Ungeri logo\" src=\"http:\/\/proacoustic.eu\/wp-content\/uploads\/2011\/12\/Ungeri-logo.jpg\" alt=\"\" width=\"186\" height=\"70\" \/><img loading=\"lazy\" decoding=\"async\" class=\"size-medium wp-image-35 alignnone\" style=\"border: 0pt none;\" title=\"CPKelco logo\" src=\"http:\/\/proacoustic.eu\/wp-content\/uploads\/2011\/12\/CPKelco-logo-300x149.jpg\" alt=\"\" width=\"300\" height=\"149\" srcset=\"https:\/\/proacoustic.eu\/wp-content\/uploads\/2011\/12\/CPKelco-logo-300x149.jpg 300w, https:\/\/proacoustic.eu\/wp-content\/uploads\/2011\/12\/CPKelco-logo.jpg 338w\" sizes=\"auto, (max-width: 300px) 100vw, 300px\" \/> <img loading=\"lazy\" decoding=\"async\" class=\"size-full wp-image-36 alignnone\" style=\"border: 0pt none;\" title=\"CHT_Logo\" src=\"http:\/\/proacoustic.eu\/wp-content\/uploads\/2011\/12\/CHT_Logo.jpg\" alt=\"\" width=\"236\" height=\"174\" \/><!--:--><!--:en-->Proacoustic O\u00dc personalil on akustiliste pinnakatete valdkonnas tegutsemisel pikaajaline rahvusvaheline kogemus. Akustiliste pinnakatete valmistamiseks ja paigaldamiseks kasutatav seadmestik on kaasaegne, aplikatsioonip\u00f5hine ning nendes kasutatavad komponendid p\u00e4rinevad oma valdkonna tipptootjatelt. <img loading=\"lazy\" decoding=\"async\" class=\"size-medium wp-image-24 alignnone\" style=\"border: 0pt none;\" title=\"WatsonMarlow Bredel pumpade logo\" src=\"http:\/\/proacoustic.eu\/wp-content\/uploads\/2011\/12\/WatsonMarlow-Bredel-pumpade-logo-300x73.jpg\" alt=\"\" width=\"261\" height=\"71\" \/><img loading=\"lazy\" decoding=\"async\" class=\"size-full wp-image-26 alignnone\" style=\"border: 0pt none;\" title=\"LOGO KREMLIN REXSON\" src=\"http:\/\/proacoustic.eu\/wp-content\/uploads\/2011\/12\/LOGO-KREMLIN-REXSON.jpg\" alt=\"\" width=\"228\" height=\"117\" \/> <img loading=\"lazy\" decoding=\"async\" class=\"size-full wp-image-28 alignnone\" style=\"border: 0pt none;\" title=\"Mattei kompressorite logo\" src=\"http:\/\/proacoustic.eu\/wp-content\/uploads\/2011\/12\/Mattei-kompressorite-logo.jpg\" alt=\"\" width=\"248\" height=\"58\" \/><img loading=\"lazy\" decoding=\"async\" class=\"size-full wp-image-30 alignnone\" style=\"border: 0pt none;\" title=\"Kaeser kompressorite logo\" src=\"http:\/\/proacoustic.eu\/wp-content\/uploads\/2011\/12\/Kaeser-kompressorite-logo.jpg\" alt=\"\" width=\"284\" height=\"88\" \/> <img loading=\"lazy\" decoding=\"async\" class=\"size-full wp-image-33 alignnone\" style=\"border: 0pt none;\" title=\"Ungeri logo\" src=\"http:\/\/proacoustic.eu\/wp-content\/uploads\/2011\/12\/Ungeri-logo.jpg\" alt=\"\" width=\"186\" height=\"70\" \/><img loading=\"lazy\" decoding=\"async\" class=\"size-medium wp-image-35 alignnone\" style=\"border: 0pt none;\" title=\"CPKelco logo\" src=\"http:\/\/proacoustic.eu\/wp-content\/uploads\/2011\/12\/CPKelco-logo-300x149.jpg\" alt=\"\" width=\"300\" height=\"149\" srcset=\"https:\/\/proacoustic.eu\/wp-content\/uploads\/2011\/12\/CPKelco-logo-300x149.jpg 300w, https:\/\/proacoustic.eu\/wp-content\/uploads\/2011\/12\/CPKelco-logo.jpg 338w\" sizes=\"auto, (max-width: 300px) 100vw, 300px\" \/> <img loading=\"lazy\" decoding=\"async\" class=\"size-full wp-image-36 alignnone\" style=\"border: 0pt none;\" title=\"CHT_Logo\" src=\"http:\/\/proacoustic.eu\/wp-content\/uploads\/2011\/12\/CHT_Logo.jpg\" alt=\"\" width=\"236\" height=\"174\" \/><\/p>\n<p><!--:--><\/p>\n","protected":false},"excerpt":{"rendered":"<p>Proacoustic O\u00dc personalil on akustiliste pinnakatete valdkonnas tegutsemisel pikaajaline rahvusvaheline kogemus. Akustiliste pinnakatete valmistamiseks ja paigaldamiseks kasutatav seadmestik on kaasaegne, aplikatsioonip\u00f5hine ning nendes kasutatavad komponendid p\u00e4rinevad oma valdkonna tipptootjatelt. Proacoustic O\u00dc-n henkil\u00f6kunnalla on\u00a0akustoinnin alalla\u00a0pitk\u00e4aikainen kansainv\u00e4linen kokemus. Akustointimassan valmistukseen ja asennukseen &hellip; <a href=\"https:\/\/proacoustic.eu\/?page_id=16\">Continue reading <span class=\"meta-nav\">&rarr;<\/span><\/a><\/p>\n","protected":false},"author":4,"featured_media":0,"parent":0,"menu_order":0,"comment_status":"closed","ping_status":"closed","template":"","meta":{"footnotes":""},"class_list":["post-16","page","type-page","status-publish","hentry"],"_links":{"self":[{"href":"https:\/\/proacoustic.eu\/index.php?rest_route=\/wp\/v2\/pages\/16","targetHints":{"allow":["GET"]}}],"collection":[{"href":"https:\/\/proacoustic.eu\/index.php?rest_route=\/wp\/v2\/pages"}],"about":[{"href":"https:\/\/proacoustic.eu\/index.php?rest_route=\/wp\/v2\/types\/page"}],"author":[{"embeddable":true,"href":"https:\/\/proacoustic.eu\/index.php?rest_route=\/wp\/v2\/users\/4"}],"replies":[{"embeddable":true,"href":"https:\/\/proacoustic.eu\/index.php?rest_route=%2Fwp%2Fv2%2Fcomments&post=16"}],"version-history":[{"count":22,"href":"https:\/\/proacoustic.eu\/index.php?rest_route=\/wp\/v2\/pages\/16\/revisions"}],"predecessor-version":[{"id":20,"href":"https:\/\/proacoustic.eu\/index.php?rest_route=\/wp\/v2\/pages\/16\/revisions\/20"}],"wp:attachment":[{"href":"https:\/\/proacoustic.eu\/index.php?rest_route=%2Fwp%2Fv2%2Fmedia&parent=16"}],"curies":[{"name":"wp","href":"https:\/\/api.w.org\/{rel}","templated":true}]}}