{"id":11,"date":"2011-12-06T19:58:29","date_gmt":"2011-12-06T19:58:29","guid":{"rendered":"http:\/\/proacoustic.eu\/?page_id=11"},"modified":"2012-02-14T12:28:00","modified_gmt":"2012-02-14T12:28:00","slug":"arhitektileprojekteerijale","status":"publish","type":"page","link":"https:\/\/proacoustic.eu\/?page_id=11","title":{"rendered":"<!--:et-->Arhitektile \/ projekteerijale<!--:--><!--:fi-->Arkkitehteille<!--:--><!--:en-->To Architects<!--:-->"},"content":{"rendered":"<p><!--:et-->Akustiliste pinnakatete paigaldus on reeglina ehitust\u00f6\u00f6de j\u00e4rjekorras \u00fcks viimaseid. Soovitav on alustada paigaldusega peale piirnevate pindade viimistlust, misj\u00e4rel esmalt kaetakse kinni k\u00f5ik akustilise pinnakattega mitteviimistletavad pinnad ning paigaldatakse soovitud struktuuri ja tooniga materjal. Samaaegselt materjali paigaldusega v\u00f5i vahetult peale seda, eemaldatakse mittevajalikud kattematerjalid ja praht. Viimase etapina, tagamaks materjali \u00fchtlast ja kiiret tahenemist, paigaldatakse viimistletud ruumi k\u00fcttekehad ning ventilaatorid. S\u00f5ltuvalt objekti\u00a0 erip\u00e4rast v\u00f5ib \u00fche kaetud pinna valmimiseks kuluda kaks kuni kolm \u00f6\u00f6p\u00e4eva. <strong>Akustilist pinnakatet saab paigaldada<\/strong><\/p>\n<ol>\n<li>olemasolevale pinnale<\/li>\n<li>t\u00e4iendavale liimitud mineraalvillaplaatidest heliisolatsiooniomadusi parandavale aluskihile<\/li>\n<li>puit- v\u00f5i metalls\u00f5restikule paigaldatud mineraalvillaplaatidele<\/li>\n<li>puit- v\u00f5i metalls\u00f5restikule pingutatud perforeeritud terasplekist membraanile<\/li>\n<\/ol>\n<p><strong>M\u00f5\u00f5tetulemused ja tunnustused<\/strong> [listyofiles folder=&#8221;cert_ee&#8221;] <strong>S\u00f5lmede joonised<\/strong> [listyofiles folder=&#8221;dwg&#8221;] <strong>Erinevad pinnaviimistlused SILK, STANDARD ja STRUCTURE<\/strong> <img loading=\"lazy\" decoding=\"async\" class=\"alignleft size-full wp-image-51\" title=\"silk\" src=\"http:\/\/proacoustic.eu\/wp-content\/uploads\/2011\/12\/silk.png\" alt=\"\" width=\"300\" height=\"85\" \/> <img loading=\"lazy\" decoding=\"async\" class=\"alignleft size-full wp-image-52\" title=\"standard\" src=\"http:\/\/proacoustic.eu\/wp-content\/uploads\/2011\/12\/standard.png\" alt=\"\" width=\"300\" height=\"85\" \/> <img loading=\"lazy\" decoding=\"async\" class=\"alignleft size-full wp-image-53\" title=\"structure\" src=\"http:\/\/proacoustic.eu\/wp-content\/uploads\/2011\/12\/structure.png\" alt=\"\" width=\"300\" height=\"85\" \/><!--:--><!--:fi-->Acoustic One akustointi asennetaan ruiskuttamalla ja sen pit\u00e4isi olla tilan viimeisimpi\u00e4 t\u00f6it\u00e4. Ennen rusikutuksen aloittamista suojataan kaikki laitteet, rakenteet ja muut pinnat. Suojaus poistetaan ja tilat puhdistetaan mahdollisiman pian heti ruiskutuksen j\u00e4lkeen. Viimeisen\u00e4 asiana laitetaan tiloihin puhaltimet ja tarpeen tullen my\u00f6s lisal\u00e4mmittimet. Riippuen tilojen koosta akustoinnin pit\u00e4isi olla t\u00e4ysin kuivunut parissa vuorokaudessa. <strong>Akustointi ruiskutetaan<\/strong>:<\/p>\n<p>&nbsp;<\/p>\n<ol>\n<li>suoraan kovalle pinnalle<\/li>\n<li>kovaan pintaan asennetuille villalevyille<\/li>\n<li>puu- tai metallirakenteeseen (koolaukseen) asennetuille villalevyille<\/li>\n<li>puu- tai metallirakenteeseen kiinitetylle metalliverkolle<\/li>\n<\/ol>\n<p><strong>Mittaustulokset<\/strong>\u00a0[listyofiles folder=&#8221;cert_fi&#8221;]\u00a0<strong><\/strong> <strong>Pinnoitusvaihdoehdot SILK, STANDARD ja STRUCTURE<\/strong> <img loading=\"lazy\" decoding=\"async\" class=\"alignleft size-full wp-image-51\" title=\"silk\" src=\"http:\/\/proacoustic.eu\/wp-content\/uploads\/2011\/12\/silk.png\" alt=\"\" width=\"300\" height=\"85\" \/> <img loading=\"lazy\" decoding=\"async\" class=\"alignleft size-full wp-image-52\" title=\"standard\" src=\"http:\/\/proacoustic.eu\/wp-content\/uploads\/2011\/12\/standard.png\" alt=\"\" width=\"300\" height=\"85\" \/> <img loading=\"lazy\" decoding=\"async\" class=\"alignleft size-full wp-image-53\" title=\"structure\" src=\"http:\/\/proacoustic.eu\/wp-content\/uploads\/2011\/12\/structure.png\" alt=\"\" width=\"300\" height=\"85\" \/><!--:--><!--:en-->Akustiliste pinnakatete paigaldus on reeglina ehitust\u00f6\u00f6de j\u00e4rjekorras \u00fcks viimaseid. Soovitav on alustada paigaldusega peale piirnevate pindade viimistlust, misj\u00e4rel esmalt kaetakse kinni k\u00f5ik akustilise pinnakattega mitteviimistletavad pinnad ning paigaldatakse soovitud struktuuri ja tooniga materjal. Samaaegselt materjali paigaldusega v\u00f5i vahetult peale seda, eemaldatakse mittevajalikud kattematerjalid ja praht. Viimase etapina, tagamaks materjali \u00fchtlast ja kiiret tahenemist, paigaldatakse viimistletud ruumi k\u00fcttekehad ning ventilaatorid. S\u00f5ltuvalt objekti\u00a0 erip\u00e4rast v\u00f5ib \u00fche kaetud pinna valmimiseks kuluda kaks kuni kolm \u00f6\u00f6p\u00e4eva. <strong>Akustilist pinnakatet saab paigaldada<\/strong><\/p>\n<ol>\n<li>olemasolevale pinnale<\/li>\n<li>t\u00e4iendavale liimitud mineraalvillaplaatidest heliisolatsiooniomadusi parandavale aluskihile<\/li>\n<li>puit- v\u00f5i metalls\u00f5restikule paigaldatud mineraalvillaplaatidele<\/li>\n<li>puit- v\u00f5i metalls\u00f5restikule pingutatud perforeeritud terasplekist membraanile<\/li>\n<\/ol>\n<p><strong>M\u00f5\u00f5tetulemused ja tunnustused<\/strong> [listyofiles folder=&#8221;cert_en&#8221;]\u00a0<strong><\/strong><strong>Erinevad pinnaviimistlused SILK, STANDARD ja STRUCTURE<\/strong> <img loading=\"lazy\" decoding=\"async\" class=\"alignleft size-full wp-image-51\" title=\"silk\" src=\"http:\/\/proacoustic.eu\/wp-content\/uploads\/2011\/12\/silk.png\" alt=\"\" width=\"300\" height=\"85\" \/> <img loading=\"lazy\" decoding=\"async\" class=\"alignleft size-full wp-image-52\" title=\"standard\" src=\"http:\/\/proacoustic.eu\/wp-content\/uploads\/2011\/12\/standard.png\" alt=\"\" width=\"300\" height=\"85\" \/> <img loading=\"lazy\" decoding=\"async\" class=\"alignleft size-full wp-image-53\" title=\"structure\" src=\"http:\/\/proacoustic.eu\/wp-content\/uploads\/2011\/12\/structure.png\" alt=\"\" width=\"300\" height=\"85\" \/><\/p>\n<p><!--:--><\/p>\n","protected":false},"excerpt":{"rendered":"<p>Akustiliste pinnakatete paigaldus on reeglina ehitust\u00f6\u00f6de j\u00e4rjekorras \u00fcks viimaseid. Soovitav on alustada paigaldusega peale piirnevate pindade viimistlust, misj\u00e4rel esmalt kaetakse kinni k\u00f5ik akustilise pinnakattega mitteviimistletavad pinnad ning paigaldatakse soovitud struktuuri ja tooniga materjal. Samaaegselt materjali paigaldusega v\u00f5i vahetult peale seda, &hellip; <a href=\"https:\/\/proacoustic.eu\/?page_id=11\">Continue reading <span class=\"meta-nav\">&rarr;<\/span><\/a><\/p>\n","protected":false},"author":4,"featured_media":0,"parent":0,"menu_order":0,"comment_status":"closed","ping_status":"closed","template":"","meta":{"footnotes":""},"class_list":["post-11","page","type-page","status-publish","hentry"],"_links":{"self":[{"href":"https:\/\/proacoustic.eu\/index.php?rest_route=\/wp\/v2\/pages\/11","targetHints":{"allow":["GET"]}}],"collection":[{"href":"https:\/\/proacoustic.eu\/index.php?rest_route=\/wp\/v2\/pages"}],"about":[{"href":"https:\/\/proacoustic.eu\/index.php?rest_route=\/wp\/v2\/types\/page"}],"author":[{"embeddable":true,"href":"https:\/\/proacoustic.eu\/index.php?rest_route=\/wp\/v2\/users\/4"}],"replies":[{"embeddable":true,"href":"https:\/\/proacoustic.eu\/index.php?rest_route=%2Fwp%2Fv2%2Fcomments&post=11"}],"version-history":[{"count":21,"href":"https:\/\/proacoustic.eu\/index.php?rest_route=\/wp\/v2\/pages\/11\/revisions"}],"predecessor-version":[{"id":49,"href":"https:\/\/proacoustic.eu\/index.php?rest_route=\/wp\/v2\/pages\/11\/revisions\/49"}],"wp:attachment":[{"href":"https:\/\/proacoustic.eu\/index.php?rest_route=%2Fwp%2Fv2%2Fmedia&parent=11"}],"curies":[{"name":"wp","href":"https:\/\/api.w.org\/{rel}","templated":true}]}}